{"id":127,"date":"2020-12-10T10:17:20","date_gmt":"2020-12-10T10:17:20","guid":{"rendered":"https:\/\/www.contel.hr\/2021\/?page_id=127"},"modified":"2021-05-03T13:55:51","modified_gmt":"2021-05-03T13:55:51","slug":"call-for-papers","status":"publish","type":"page","link":"https:\/\/www.contel.hr\/2021\/call-for-papers\/","title":{"rendered":"Call for papers"},"content":{"rendered":"\n<p>CALL FOR PAPERS [<a href=\"https:\/\/www.contel.hr\/2021\/wp-content\/uploads\/2021\/05\/ConTEL2021-CFP-extended-2.pdf\" data-type=\"URL\" data-id=\"https:\/\/www.contel.hr\/2021\/wp-content\/uploads\/2021\/05\/ConTEL2021-CFP-extended-2.pdf\">download as PDF<\/a>]<br>The 16th ConTEL \u2013 INTERNATIONAL CONFERENCE ON TELECOMMUNICATIONS<br>June 30 &#8211; July 2, 2021<\/p>\n\n\n\n<p>Zagreb, CROATIA<\/p>\n\n\n\n<p>The 16th International Conference on Telecommunications, ConTEL 2021, will be held in Zagreb, Croatia, on June 30 \u2013 July 2, 2021. Through its technical program, the conference will provide an opportunity for the academic and industrial communities to address new research challenges, share solutions and discuss issues in information and communication technology (ICT) referring to modern telecommunications.<\/p>\n\n\n\n<p>The ConTEL 2021 aims to reflect on current and emerging networking technologies that enable ubiquitous Internet and communications as key drivers of connected information society. With new services and access networks, there is a growing need for improvement in networking infrastructure \u2013 not just in terms of quality and performance, but also in scalability, mobility, energy efficiency, and multiple technologies integration. Original research papers are solicited that present theoretical, as well as applied, practical and experimental work related to the areas and topics of interest listed below. The conference program will offer technical sessions, presenting the latest advances through peer-reviewed regular and special sessions, as well as workshops with focus on the latest breakthroughs in selected areas related to the conference. The format of the event will take into account the COVID-19 situation and travel restrictions. Our wish, and goal, is to have a live or hybrid event, with virtual participation as necessary. Stay safe and healthy and we hope to see you in Zagreb!<\/p>\n\n\n\n<h2><strong>ORGANIZED BY:<\/strong><\/h2>\n\n\n\n<p>University of Zagreb \u2013 Faculty of Electrical Engineering and Computing<\/p>\n\n\n\n<p>Graz University of Technology \u2013 Faculty of Electrical and Information Engineering,<\/p>\n\n\n\n<h2><strong>TECHNICALLY CO-SPONSORED BY:<\/strong><\/h2>\n\n\n\n<p>IEEE Austria Section<\/p>\n\n\n\n<p>IEEE Croatia Section<\/p>\n\n\n\n<p>IEEE Communications Society Croatia Chapter<\/p>\n\n\n\n<p>IEEE Communications \/ Microwave Theory and Techniques Societies Joint Austria Chapter<br><\/p>\n\n\n\n<h2><strong>TOPICS<\/strong><\/h2>\n\n\n\n<p>We are soliciting contributed technical papers, special session proposals, and workshops proposals referring to the following topics of interest:<\/p>\n\n\n\n<ul><li>All-optical networks, optical switching and routing, data center networks<\/li><li>Broadband mobile and wireless communications<\/li><li>Internet of things (IoT) and sensor networks<\/li><li>Smart spaces: context- and situation-awareness<\/li><li>Internet and next generation networking<\/li><li>Energy-efficient protocols and networking<\/li><li>Software defined networks and network function virtualization<\/li><li>Multimedia applications, rich communications services and networked games<\/li><li>QoE and QoS assessment and provisioning<\/li><li>Big data in telecommunications<\/li><li>Social networking and social media<\/li><li>Security and privacy issues in ICT services and networks<\/li><li>Digital inclusion and assistive technology in ICT services<\/li><\/ul>\n\n\n\n<h2><strong>IMPORTANT DATES<\/strong><\/h2>\n\n\n\n<p>February 28, 2021: Special Session and Workshop Proposals, Due<\/p>\n\n\n\n<p><s>March 21, 2021: <strong>Full Papers, Due<\/strong><\/s><\/p>\n\n\n\n<p>April 2, 2021: <strong>Paper title and abstract submission<\/strong><\/p>\n\n\n\n<p>April 7, 2021: <strong>Full Papers, Due<\/strong><\/p>\n\n\n\n<p><s>May 7, 2021: Notification of Acceptance\/Rejection<\/s><\/p>\n\n\n\n<p>May 12, 2021: <strong>Notification of Acceptance\/Rejection<\/strong><\/p>\n\n\n\n<p><s>May 21, 2021: Final, Camera Ready Papers, Due<\/s><\/p>\n\n\n\n<p>May 26, 2021: <strong>Final, Camera Ready Papers, Due<\/strong><\/p>\n\n\n\n<h2><strong>ORGANIZERS AND TPC<\/strong><\/h2>\n\n\n\n<h3>Honorary Chairs<\/h3>\n\n\n\n<p>Erich Leitgeb<br>Graz University of Technology, Austria<br>Institute of Microwave and Photonic Engineering<\/p>\n\n\n\n<p>Maja Matija\u0161evi\u0107<br>University of Zagreb, Croatia<br>Faculty of Electrical Engineering and Computing<\/p>\n\n\n\n<h3>General Chairs<\/h3>\n\n\n\n<p>Wilfried Gappmair<br>Graz University of Technology, Austria<br>Institute of Communication Networks and Satellite Communications<\/p>\n\n\n\n<p>Mario Ku\u0161ek<br>University of Zagreb, Croatia<br>Faculty of Electrical Engineering and Computing<\/p>\n\n\n\n<h3>Program Chairs<\/h3>\n\n\n\n<p>Franz Teschl<br>Graz University of Technology, Austria<br>Institute of Communication Networks and Satellite Communications<\/p>\n\n\n\n<p>Marin Vukovi\u0107<br>University of Zagreb, Croatia<br>Faculty of Electrical Engineering and Computing<\/p>\n\n\n\n<h3>Organizing Committee Chair<\/h3>\n\n\n\n<p>Jasna Slavini\u0107<br>University of Zagreb, Croatia<br>Faculty of Electrical Engineering and Computing<\/p>\n\n\n\n<h3>Publication Chairs<\/h3>\n\n\n\n<p>Martina Antoni\u0107<br>University of Zagreb, Croatia<br>Faculty of Electrical Engineering and Computing<\/p>\n\n\n\n<p>Jurica Babi\u0107<br>University of Zagreb, Croatia<br>Faculty of Electrical Engineering and Computing<\/p>\n\n\n\n<h3>Web Chair<\/h3>\n\n\n\n<p>Ivona Brajdi\u0107<br>University of Zagreb, Croatia<br>Faculty of Electrical Engineering and Computing<\/p>\n\n\n\n<h3>Technical Program Committee<\/h3>\n\n\n\n<p>Slavi\u0161a Aleksi\u0107, Leipzig University of Applied Sciences, Germany<\/p>\n\n\n\n<p>Dinko Begu\u0161i\u0107, University of Split, Croatia<\/p>\n\n\n\n<p>Zmago Brezo\u010dnik, University of Maribor, Slovenia<\/p>\n\n\n\n<p>Tasos Dagiuklas, London South Bank University, UK<\/p>\n\n\n\n<p>Hakan Deli\u00e7, Bo\u011fazi\u00e7i University, Istanbul, Turkey<\/p>\n\n\n\n<p>Bernd Eichberger, Graz University of Technology, Austria<\/p>\n\n\n\n<p>Michael Gebhart, EPCOS, Deutschlandsberg, Austria<\/p>\n\n\n\n<p>Mariusz G\u0142\u0105bowski, Poznan University of Technology, Poland<\/p>\n\n\n\n<p>Ivan Gojmerac, FREQUENTIS AG, Austria<\/p>\n\n\n\n<p>Denis Gracanin, Virginia Tech, USA<\/p>\n\n\n\n<p>Darko Huljeni\u0107, Ericsson Nikola Tesla, Croatia<\/p>\n\n\n\n<p>S\u00e1ndor Imre, Budapest Univ. of Tech. &amp; Econ., Hungary<\/p>\n\n\n\n<p>Admela Jukan,&nbsp;TU Braunchweig, Germany<\/p>\n\n\n\n<p>Irena Jurdana, University of Rijeka, Croatia<\/p>\n\n\n\n<p>Andreas Kassler, Karlstad University, Sweden<\/p>\n\n\n\n<p>Andrej Kos, University of Ljubljana, Slovenia<\/p>\n\n\n\n<p>Dragana Krsti\u0107, University of Ni\u0161, Serbia<\/p>\n\n\n\n<p>Michael Logothetis, University of Patras, Greece<\/p>\n\n\n\n<p>Ignac Lovrek, University of Zagreb, Croatia<\/p>\n\n\n\n<p>Galia Marinova, Technical University of Sofia, Bulgaria<\/p>\n\n\n\n<p>Vera Markovi\u0107, University of Ni\u0161, Serbia<\/p>\n\n\n\n<p>Vjekoslav Mati\u0107, Infineon, Graz, Austria<\/p>\n\n\n\n<p>Branko Mikac, University of Zagreb, Croatia<\/p>\n\n\n\n<p>Miljenko Mikuc, University of Zagreb, Croatia<\/p>\n\n\n\n<p>Marie-Jose Montpetit, Concordia University, Canada<\/p>\n\n\n\n<p>Hector E. Nistazakis, University of Athens, Greece<\/p>\n\n\n\n<p>Thomas Plagemann, University of Oslo, Norway<\/p>\n\n\n\n<p>Peter Planin\u0161i\u010d, University of Maribor, Slovenia<\/p>\n\n\n\n<p>Peter Pocta, Zilina University, Slovakia<\/p>\n\n\n\n<p>Ivana Podnar \u017darko, University of Zagreb, Croatia<\/p>\n\n\n\n<p>Vedran Podobnik, University of Zagreb, Croatia<\/p>\n\n\n\n<p>Sheikh Sajid, National University of Computer and Emerging Sciences, Pakistan<\/p>\n\n\n\n<p>Vilmos Simon, Budapest Univ. of Tech. &amp; Econ., Hungary<\/p>\n\n\n\n<p>Nicolas Sklavos, University of Patras, Greece<\/p>\n\n\n\n<p>Zoran Sko\u010dir, University of Zagreb, Croatia<\/p>\n\n\n\n<p>Lea Skorin-Kapov, University of Zagreb, Croatia<\/p>\n\n\n\n<p>Andreas Springer, Johannes Kepler University Linz, Austria<\/p>\n\n\n\n<p>Viktor Su\u010di\u0107, University of Rijeka, Croatia<\/p>\n\n\n\n<p>Toshitaka Tsuda, Waseda University, Japan<\/p>\n\n\n\n<p>Otakar Wilfert, University of Technology Brno, Czech Rep.<\/p>\n\n\n\n<p>Drago \u017dagar, University of Osijek, Croatia<\/p>\n\n\n\n<h2><strong>PAPER SUBMISSION<\/strong><\/h2>\n\n\n\n<p>Papers submitted to ConTEL must not have been published, submitted, or accepted for publication elsewhere. IEEE policy regarding plagiarism and duplicate submission\/publication will be strictly enforced.<\/p>\n\n\n\n<p>Papers should be submitted electronically before submission deadline, via EDAS (<a rel=\"noreferrer noopener\" href=\"https:\/\/edas.info\/newPaper.php?c=28024\" data-type=\"URL\" data-id=\"https:\/\/edas.info\/newPaper.php?c=28024\" target=\"_blank\">http:\/\/edas.info<\/a>). Paper submissions should follow the IEEE double-column format for conferences (templates available on the conference Web site, <a href=\"http:\/\/www.contel.hr\/2021\">http:\/\/www.contel.hr\/2021<\/a>). A maximum of (8) pages, including all figures and references, are allowed for each paper. Submitted papers will undergo a peer review process, coordinated by the Program Committee. Submission of a paper implies that, should the paper be accepted, at least one of the authors must register and attend the conference to present the work.<\/p>\n\n\n\n<h2>SPECIAL SESSION AND WORKSHOPS<\/h2>\n\n\n\n<ul><li><a href=\"https:\/\/www.contel.hr\/2021\/workshop-smart-technologies-for-sustainable-agriculture\/\">Workshop: Smart technologies for sustainable agriculture<\/a><\/li><li><a href=\"https:\/\/www.contel.hr\/2021\/new-educational-paradigms-in-telecommunications%e2%80%af\/\">New Educational Paradigms in Telecommunications\u202f<\/a><\/li><li><a href=\"https:\/\/www.contel.hr\/2021\/security-and-privacy-in-modern-telecommunication-networks\/\">Security and Privacy in Modern Telecommunication Networks<\/a><\/li><li><a href=\"https:\/\/www.contel.hr\/2021\/special-session-of-the-ceepus-network-ciii-bg-1103\/\">Special Session of the CEEPUS Network CIII-BG-1103<\/a><\/li><\/ul>\n\n\n\n<h2>KEYNOTE SPEAKERS<\/h2>\n\n\n\n<ul><li>Giovanni Giambene, University of Siena, Italy<\/li><li>Steve Hranilovic, McMaster University, Canada<\/li><li>Lea Skorin-Kapov, University of Zagreb, Croatia<\/li><\/ul>\n","protected":false},"excerpt":{"rendered":"<p>CALL FOR PAPERS [download as PDF]The 16th ConTEL \u2013 INTERNATIONAL CONFERENCE ON TELECOMMUNICATIONSJune 30 &#8211; July 2, 2021 Zagreb, CROATIA The 16th International Conference on Telecommunications, ConTEL 2021, will be held in Zagreb, Croatia, on June 30 \u2013 July 2, 2021. Through its technical program, the conference will provide an opportunity for the academic and [&hellip;]<\/p>\n","protected":false},"author":1,"featured_media":0,"parent":0,"menu_order":0,"comment_status":"closed","ping_status":"closed","template":"","meta":[],"_links":{"self":[{"href":"https:\/\/www.contel.hr\/2021\/wp-json\/wp\/v2\/pages\/127"}],"collection":[{"href":"https:\/\/www.contel.hr\/2021\/wp-json\/wp\/v2\/pages"}],"about":[{"href":"https:\/\/www.contel.hr\/2021\/wp-json\/wp\/v2\/types\/page"}],"author":[{"embeddable":true,"href":"https:\/\/www.contel.hr\/2021\/wp-json\/wp\/v2\/users\/1"}],"replies":[{"embeddable":true,"href":"https:\/\/www.contel.hr\/2021\/wp-json\/wp\/v2\/comments?post=127"}],"version-history":[{"count":35,"href":"https:\/\/www.contel.hr\/2021\/wp-json\/wp\/v2\/pages\/127\/revisions"}],"predecessor-version":[{"id":519,"href":"https:\/\/www.contel.hr\/2021\/wp-json\/wp\/v2\/pages\/127\/revisions\/519"}],"wp:attachment":[{"href":"https:\/\/www.contel.hr\/2021\/wp-json\/wp\/v2\/media?parent=127"}],"curies":[{"name":"wp","href":"https:\/\/api.w.org\/{rel}","templated":true}]}}