{"id":834,"date":"2021-06-29T13:34:59","date_gmt":"2021-06-29T13:34:59","guid":{"rendered":"https:\/\/www.contel.hr\/2021\/?page_id=834"},"modified":"2021-07-01T16:30:59","modified_gmt":"2021-07-01T16:30:59","slug":"phd-forum-program","status":"publish","type":"page","link":"https:\/\/www.contel.hr\/2021\/phd-forum-program\/","title":{"rendered":"PhD Forum program"},"content":{"rendered":"\n<blockquote class=\"wp-block-quote\"><p>ConTEL 2021 will host a PhD Forum on <strong>Friday, July 2, 2021, at 2 p.m<\/strong>. The PhD Forum will take place in hybrid format, with in-person attendance at the ConTEL 2021 conference venue and online participation via zoom.<\/p><cite>A free registration is offered to students (all levels: B. Sc., M. Sc. and PhD) who only wish to attend the PhD Forum event (not the conference). To use this option, please send e-mail to to the Organizing Committee Chair&nbsp;Jasna Slavini\u0107 (<a>jasna.slavinic@fer.hr<\/a>).<\/cite><\/blockquote>\n\n\n\n<p><\/p>\n\n\n\n<p>The PhD Forum consists of a poster session, preceded by a fast-paced introduction by each student that offers a preview of the posters. <strong>The first part will be streamed via zoom and the second part will take place in a virtual environment that you will be able to join through the web browser (no installation necessary).<\/strong><br><br>Each student will be given a strictly-timed 2-minutes\u2019 slot to present a \u201cpitch talk\u201d about her\/his research. The purpose of the pitch talk is to provide a brief outline of one&#8217;s doctoral research work, with the goal to raise awareness and generate further discussion over the poster session that follows next.<\/p>\n\n\n\n<p>The PhD Forum poster session features 11 posters. Posters in PDF format can be viewed directly from the list below. <\/p>\n\n\n\n<p>Link and password for the zoom session has been shared with all registered participants.<\/p>\n\n\n\n<p><\/p>\n\n\n\n<h3>Program<\/h3>\n\n\n\n<p><strong>14:00-16:00<\/strong><\/p>\n\n\n\n<p id=\"phd-forum\"><strong>PhD Forum<\/strong> (Grey Hall)<\/p>\n\n\n\n<h6>Session Chair: Irena Or\u0161oli\u0107 (University of Zagreb, Croatia)<\/h6>\n\n\n\n<ol><li><a href=\"https:\/\/www.contel.hr\/2021\/wp-content\/uploads\/2021\/07\/01_Ivan_Bartolec.pdf\" target=\"_blank\" rel=\"noreferrer noopener\">Performance Estimation of Encrypted Video Streaming in Light of End-User Playback-Related Interactions Based on Machine Learning<\/a><ul><li>Ivan Bartolec and Lea Skorin-Kapov (University of Zagreb, Croatia)<\/li><\/ul><\/li><li><a href=\"https:\/\/www.contel.hr\/2021\/wp-content\/uploads\/2021\/07\/02_Ana_Culic.pdf\" target=\"_blank\" rel=\"noreferrer noopener\">Personal thermal comfort modelling with implementation of the smart technologies<\/a><ul><li>Ana Culic, Sandro Nizetic and Petar Solic (University of Split, Croatia)<\/li><\/ul><\/li><li><a href=\"https:\/\/www.contel.hr\/2021\/wp-content\/uploads\/2021\/07\/03_Lea_Dujic_Rodic.pdf\" target=\"_blank\" rel=\"noreferrer noopener\">Sensing the Environment Changes from Signal Strength Data: Machine Learning Approach<\/a><ul><li>Lea Duji\u0107 Rodi\u0107 and Petar Solic (University of Split, Croatia)<\/li><\/ul><\/li><li><a href=\"https:\/\/www.contel.hr\/2021\/wp-content\/uploads\/2021\/07\/04_Gerzon_Gomez-Bravo.pdf\" target=\"_blank\" rel=\"noreferrer noopener\">Microwave Frontends for Dependable Wireless Communication and Localization Systems<\/a><ul><li>Gerzon Gomez-Bravo (TU Graz, Austria)<\/li><\/ul><\/li><li><a href=\"https:\/\/www.contel.hr\/2021\/wp-content\/uploads\/2021\/07\/05_Ante_Lojic_Kapetanovic.pdf\" target=\"_blank\" rel=\"noreferrer noopener\">High-frequency incident power density assessment on non-planar tissue models<\/a><ul><li>Ante Loji\u0107 Kapetanovi\u0107 and Dragan Poljak (University of Split, Croatia)<\/li><\/ul><\/li><li><a href=\"https:\/\/www.contel.hr\/2021\/wp-content\/uploads\/2021\/07\/06_Ana_Pejkovic.pdf\" target=\"_blank\" rel=\"noreferrer noopener\">LPWAN for use in agriculture<\/a><ul><li>Ana Pejkovic (University of J. J. Strossmayer of Osijek, Croatia)<\/li><\/ul><\/li><li><a href=\"https:\/\/www.contel.hr\/2021\/wp-content\/uploads\/2021\/07\/07_Petra_Rasic.pdf\" target=\"_blank\" rel=\"noreferrer noopener\">Human Exposure to Electromagnetic Radiation of HF Wireless Power Transmitter: Analytical and Numerical Results<\/a><ul><li>Petra Rasic and Zoran Bla\u017eevi\u0107 (University of Split, Croatia)<\/li><\/ul><\/li><li><a href=\"https:\/\/www.contel.hr\/2021\/wp-content\/uploads\/2021\/07\/08_Denis_Salopek.pdf\" target=\"_blank\" rel=\"noreferrer noopener\">Hybrid hardware\/software datapath for near real-time reconfigurable high-speed packet filtering<\/a><ul><li>Denis Salopek and Miljenko Mikuc (University of Zagreb, Croatia)<\/li><\/ul><\/li><li><a href=\"https:\/\/www.contel.hr\/2021\/wp-content\/uploads\/2021\/07\/09_Matko_Silic.pdf\" target=\"_blank\" rel=\"noreferrer noopener\">Quality of Experience Evaluation of Remote Reality Based Applications: Case of FPV Drone Piloting<\/a><ul><li>Matko \u0160ili\u0107, Mirko Su\u017enjevi\u0107 and Lea Skorin-Kapov (University of Zagreb, Croatia)<\/li><\/ul><\/li><li><a href=\"https:\/\/www.contel.hr\/2021\/wp-content\/uploads\/2021\/07\/10_Iva_Topolovac.pdf\" target=\"_blank\" rel=\"noreferrer noopener\">Narration Accessibility Feature &#8211; a Screen Reader Simulator for Unity Applications<\/a><ul><li>Iva Topolovac, Matea Zilak and Zeljka Car (University of Zagreb, Croatia)<\/li><\/ul><\/li><li><a href=\"https:\/\/www.contel.hr\/2021\/wp-content\/uploads\/2021\/07\/11_Sara_Vlahovic.pdf\" target=\"_blank\" rel=\"noreferrer noopener\">QoE Assessment for Virtual Reality Gaming<\/a><ul><li>Sara Vlahovi\u0107 and Lea Skorin-Kapov (University of Zagreb, Croatia)<\/li><\/ul><\/li><\/ol>\n\n\n\n<p id=\"closing\"><strong>16:00 Closing of the conference.<\/strong><\/p>\n","protected":false},"excerpt":{"rendered":"<p>ConTEL 2021 will host a PhD Forum on Friday, July 2, 2021, at 2 p.m. The PhD Forum will take place in hybrid format, with in-person attendance at the ConTEL 2021 conference venue and online participation via zoom. A free registration is offered to students (all levels: B. Sc., M. Sc. and PhD) who only [&hellip;]<\/p>\n","protected":false},"author":3,"featured_media":0,"parent":0,"menu_order":0,"comment_status":"closed","ping_status":"closed","template":"","meta":[],"_links":{"self":[{"href":"https:\/\/www.contel.hr\/2021\/wp-json\/wp\/v2\/pages\/834"}],"collection":[{"href":"https:\/\/www.contel.hr\/2021\/wp-json\/wp\/v2\/pages"}],"about":[{"href":"https:\/\/www.contel.hr\/2021\/wp-json\/wp\/v2\/types\/page"}],"author":[{"embeddable":true,"href":"https:\/\/www.contel.hr\/2021\/wp-json\/wp\/v2\/users\/3"}],"replies":[{"embeddable":true,"href":"https:\/\/www.contel.hr\/2021\/wp-json\/wp\/v2\/comments?post=834"}],"version-history":[{"count":14,"href":"https:\/\/www.contel.hr\/2021\/wp-json\/wp\/v2\/pages\/834\/revisions"}],"predecessor-version":[{"id":904,"href":"https:\/\/www.contel.hr\/2021\/wp-json\/wp\/v2\/pages\/834\/revisions\/904"}],"wp:attachment":[{"href":"https:\/\/www.contel.hr\/2021\/wp-json\/wp\/v2\/media?parent=834"}],"curies":[{"name":"wp","href":"https:\/\/api.w.org\/{rel}","templated":true}]}}