{"id":92,"date":"2020-12-10T00:08:18","date_gmt":"2020-12-10T00:08:18","guid":{"rendered":"https:\/\/www.contel.hr\/2021\/?page_id=92"},"modified":"2021-05-18T18:25:55","modified_gmt":"2021-05-18T18:25:55","slug":"commitees","status":"publish","type":"page","link":"https:\/\/www.contel.hr\/2021\/commitees\/","title":{"rendered":"Committees"},"content":{"rendered":"\n<div class=\"wp-block-themeisle-blocks-advanced-columns has-1-columns has-desktop-equal-layout has-tablet-equal-layout has-mobile-equal-layout has-default-gap has-vertical-unset\" id=\"wp-block-themeisle-blocks-advanced-columns-8a7cc205\"><div class=\"wp-block-themeisle-blocks-advanced-columns-overlay\"><\/div><div class=\"innerblocks-wrap\">\n<div class=\"wp-block-themeisle-blocks-advanced-column\" id=\"wp-block-themeisle-blocks-advanced-column-b3c2f038\">\n<h1>Honorary Chairs<\/h1>\n\n\n\n<p>Erich Leitgeb<br>Graz University of Technology, Austria<br>Institute of Microwave and Photonic Engineering<\/p>\n\n\n\n<p>Maja Matija\u0161evi\u0107<br>University of Zagreb, Croatia<br>Faculty of Electrical Engineering and Computing<\/p>\n\n\n\n<h1>General Chairs<\/h1>\n\n\n\n<p>Wilfried Gappmair<br>Graz University of Technology, Austria<br>Institute of Communication Networks and Satellite Communications<\/p>\n\n\n\n<p>Mario Ku\u0161ek<br>University of Zagreb, Croatia<br>Faculty of Electrical Engineering and Computing<\/p>\n\n\n\n<h1>Program Chairs<\/h1>\n\n\n\n<p>Franz Teschl<br>Graz University of Technology, Austria<br>Institute of Communication Networks and Satellite Communications<\/p>\n\n\n\n<p>Marin Vukovi\u0107<br>University of Zagreb, Croatia<br>Faculty of Electrical Engineering and Computing<\/p>\n\n\n\n<h1>Organizing Committee Chair<\/h1>\n\n\n\n<p>Jasna Slavini\u0107<br>University of Zagreb, Croatia<br>Faculty of Electrical Engineering and Computing<\/p>\n\n\n\n<h1>Publication Chairs<\/h1>\n\n\n\n<p>Martina Antoni\u0107<br>University of Zagreb, Croatia<br>Faculty of Electrical Engineering and Computing<\/p>\n\n\n\n<p>Jurica Babi\u0107<br>University of Zagreb, Croatia<br>Faculty of Electrical Engineering and Computing<\/p>\n\n\n\n<h1>Web Chair<\/h1>\n\n\n\n<p>Ivona Brajdi\u0107<br>University of Zagreb, Croatia<br>Faculty of Electrical Engineering and Computing<\/p>\n\n\n\n<h1>Technical Program Committee<\/h1>\n\n\n\n<p>Slavi\u0161a Aleksi\u0107, Hochschule f\u00fcr Telekommunikation, Leipzig, Germany<\/p>\n\n\n\n<p>Dinko Begu\u0161i\u0107, University of Split, Croatia<\/p>\n\n\n\n<p>Zmago Brezo\u010dnik, University of Maribor, Slovenia<\/p>\n\n\n\n<p>Tasos Dagiuklas, London South Bank University, UK<\/p>\n\n\n\n<p>Hakan Deli\u00e7, Bo\u011fazi\u00e7i University, Istanbul, Turkey<\/p>\n\n\n\n<p>Bernd Eichberger, Graz University of Technology, Austria<\/p>\n\n\n\n<p>Michael Gebhart, EPCOS, Deutschlandsberg, Austria<\/p>\n\n\n\n<p>Mariusz G\u0142\u0105bowski, Poznan University of Technology, Poland<\/p>\n\n\n\n<p>Ivan Gojmerac, FREQUENTIS AG, Austria<\/p>\n\n\n\n<p>Denis Gracanin, Virginia Tech, USA<\/p>\n\n\n\n<p>Darko Huljeni\u0107, Ericsson Nikola Tesla, Croatia<\/p>\n\n\n\n<p>S\u00e1ndor Imre, Budapest Univ. of Tech. &amp; Econ., Hungary<\/p>\n\n\n\n<p>Admela Jukan,&nbsp;TU Braunchweig, Germany<\/p>\n\n\n\n<p>Irena Jurdana, University of Rijeka, Croatia<\/p>\n\n\n\n<p>Andreas Kassler, Karlstad University, Sweden<\/p>\n\n\n\n<p>Andrej Kos, University of Ljubljana, Slovenia<\/p>\n\n\n\n<p>Dragana Krsti\u0107, University of Ni\u0161, Serbia<\/p>\n\n\n\n<p>Michael Logothetis, University of Patras, Greece<\/p>\n\n\n\n<p>Ignac Lovrek, University of Zagreb, Croatia<\/p>\n\n\n\n<p>Galia Marinova, Technical University of Sofia, Bulgaria<\/p>\n\n\n\n<p>Vera Markovi\u0107, University of Ni\u0161, Serbia<\/p>\n\n\n\n<p>Vjekoslav Mati\u0107, Infineon, Graz, Austria<\/p>\n\n\n\n<p>Branko Mikac, University of Zagreb, Croatia<\/p>\n\n\n\n<p>Miljenko Mikuc, University of Zagreb, Croatia<\/p>\n\n\n\n<p>Marie-Jose Montpetit, Concordia University, Canada<\/p>\n\n\n\n<p>Hector E. Nistazakis, University of Athens, Greece<\/p>\n\n\n\n<p>Thomas Plagemann, University of Oslo, Norway<\/p>\n\n\n\n<p>Peter Planin\u0161i\u010d, University of Maribor, Slovenia<\/p>\n\n\n\n<p>Peter Pocta, Zilina University, Slovakia<\/p>\n\n\n\n<p>Ivana Podnar \u017darko, University of Zagreb, Croatia<\/p>\n\n\n\n<p>Vedran Podobnik, University of Zagreb, Croatia<\/p>\n\n\n\n<p>Sheikh Sajid, National University of Computer and Emerging Sciences, Pakistan<\/p>\n\n\n\n<p>Vilmos Simon, Budapest Univ. of Tech. &amp; Econ., Hungary<\/p>\n\n\n\n<p>Nicolas Sklavos, University of Patras, Greece<\/p>\n\n\n\n<p>Zoran Sko\u010dir, University of Zagreb, Croatia<\/p>\n\n\n\n<p>Lea Skorin-Kapov, University of Zagreb, Croatia<\/p>\n\n\n\n<p>Andreas Springer, Johannes Kepler University Linz, Austria<\/p>\n\n\n\n<p>Viktor Su\u010di\u0107, University of Rijeka, Croatia<\/p>\n\n\n\n<p>Toshitaka Tsuda, Waseda University, Japan<\/p>\n\n\n\n<p>Otakar Wilfert, University of Technology Brno, Czech Rep.<\/p>\n\n\n\n<p>Drago \u017dagar, University of Osijek, Croatia<\/p>\n<\/div>\n<\/div><\/div>\n","protected":false},"excerpt":{"rendered":"","protected":false},"author":1,"featured_media":0,"parent":0,"menu_order":0,"comment_status":"closed","ping_status":"closed","template":"","meta":[],"_links":{"self":[{"href":"https:\/\/www.contel.hr\/2021\/wp-json\/wp\/v2\/pages\/92"}],"collection":[{"href":"https:\/\/www.contel.hr\/2021\/wp-json\/wp\/v2\/pages"}],"about":[{"href":"https:\/\/www.contel.hr\/2021\/wp-json\/wp\/v2\/types\/page"}],"author":[{"embeddable":true,"href":"https:\/\/www.contel.hr\/2021\/wp-json\/wp\/v2\/users\/1"}],"replies":[{"embeddable":true,"href":"https:\/\/www.contel.hr\/2021\/wp-json\/wp\/v2\/comments?post=92"}],"version-history":[{"count":9,"href":"https:\/\/www.contel.hr\/2021\/wp-json\/wp\/v2\/pages\/92\/revisions"}],"predecessor-version":[{"id":598,"href":"https:\/\/www.contel.hr\/2021\/wp-json\/wp\/v2\/pages\/92\/revisions\/598"}],"wp:attachment":[{"href":"https:\/\/www.contel.hr\/2021\/wp-json\/wp\/v2\/media?parent=92"}],"curies":[{"name":"wp","href":"https:\/\/api.w.org\/{rel}","templated":true}]}}