{"id":292,"date":"2021-02-26T14:52:33","date_gmt":"2021-02-26T14:52:33","guid":{"rendered":"https:\/\/www.contel.hr\/2023\/?page_id=292"},"modified":"2023-03-20T10:35:57","modified_gmt":"2023-03-20T10:35:57","slug":"new-educational-paradigms-in-telecommunications%e2%80%af","status":"publish","type":"page","link":"https:\/\/www.contel.hr\/2023\/new-educational-paradigms-in-telecommunications%e2%80%af\/","title":{"rendered":"New Educational Paradigms in Telecommunications\u202f"},"content":{"rendered":"\n<h2><strong>Special session organizers&nbsp;<\/strong><\/h2>\n\n\n\n<div class=\"wp-block-media-text alignwide is-stacked-on-mobile\" style=\"grid-template-columns:18% auto\"><figure class=\"wp-block-media-text__media\"><img loading=\"lazy\" width=\"148\" height=\"230\" src=\"https:\/\/www.contel.hr\/2023\/wp-content\/uploads\/2021\/02\/mikac.jpg\" alt=\"\" class=\"wp-image-293 size-full\"\/><\/figure><div class=\"wp-block-media-text__content\">\n<p class=\"has-normal-font-size\">Branko Mikac,&nbsp;<a href=\"http:\/\/www.unizg.hr\/homepage\/\">University of Zagreb<\/a>,&nbsp;<a href=\"https:\/\/www.fer.unizg.hr\/en\">Faculty of Electrical Engineering and Computing<\/a>, Zagreb, Croatia<\/p>\n<\/div><\/div>\n\n\n\n<div class=\"wp-block-media-text alignwide is-stacked-on-mobile\" style=\"grid-template-columns:18% auto\"><figure class=\"wp-block-media-text__media\"><img loading=\"lazy\" width=\"220\" height=\"249\" src=\"https:\/\/www.contel.hr\/2023\/wp-content\/uploads\/2021\/02\/Aleksic3_2_small.jpg\" alt=\"\" class=\"wp-image-294 size-full\"\/><\/figure><div class=\"wp-block-media-text__content\">\n<p class=\"has-normal-font-size\">Slavi\u0161a&nbsp;Aleksi\u0107,&nbsp;Hochschule&nbsp;f\u00fcr&nbsp;Technik,&nbsp;Wirtschaft&nbsp;und Kultur (HTWK),&nbsp;Fakult\u00e4t&nbsp;Digitale&nbsp;Transformation,&nbsp;Leipzig, Germany<strong>&nbsp;<br><\/strong><a rel=\"noreferrer noopener\" href=\"mailto:ulf.schemmert@htwk-leipzig.de\" target=\"_blank\">slavisa.aleksic@htwk-leipzig.de&nbsp;<br><\/a><a href=\"https:\/\/www.htwk-leipzig.de\/en\/htwk-leipzig\/\">www.htwk-leipzig.de<\/a><\/p>\n<\/div><\/div>\n\n\n\n<h2><strong>Objectives&nbsp;<\/strong><\/h2>\n\n\n\n<p>The objective of the session is to bring people together who can share experience in different aspects of university education in telecommunications: in creating, implementing and carrying out curricula; organizing academia-industry collaboration in advanced telecommunication products; organizing joint study programs on international level; organizing student and staff exchange within international exchange programs; in development and application of software tools that enable better understanding and make easier learning about complex telecommunication system and network.&nbsp;<\/p>\n\n\n\n<h2><strong>Topics<\/strong><\/h2>\n\n\n\n<p>Contributions to the session are preferred to be in the following area, but not limited only to them:&nbsp;&nbsp;<\/p>\n\n\n\n<ul><li>Development of curricula for the new age<\/li><li>Joint study programs, experiences on international collaboration&nbsp;<\/li><li>Teaching innovations\u202fand entrepreneurship in ICT&nbsp;<\/li><li>Industry-academia collaboration, involving students in R&amp;D projects&nbsp;<\/li><li>Experiences on students\u2019 exchanges: presentation of good practice&nbsp;<\/li><li>Network and system simulation tools in university education: principles and applications&nbsp;<\/li><li>Advanced educational tools for telecommunications in general, and specifically for optical networks and systems&nbsp;<\/li><\/ul>\n\n\n\n<h2><strong>Paper Submission&nbsp;<\/strong><\/h2>\n\n\n\n<p>Papers submitted to special session must not have been published, submitted, or accepted for publication elsewhere. IEEE policy regarding plagiarism and duplicate submission\/publication will be strictly enforced.&nbsp;<\/p>\n\n\n\n<p>Papers should be submitted electronically before submission deadline, via EDAS (<a rel=\"noreferrer noopener\" href=\"https:\/\/edas.info\/newPaper.php?c=28024\" target=\"_blank\">http:\/\/edas.info<\/a>). Paper submissions should follow the IEEE double-column format for conferences (templates available <a rel=\"noreferrer noopener\" href=\"https:\/\/www.contel.hr\/2023\/paper-format\/\" target=\"_blank\" data-type=\"URL\" data-id=\"https:\/\/www.contel.hr\/2023\/paper-format\/\">here<\/a>).&nbsp;A maximum of (8) pages, including all figures and references, are allowed for each paper. Submitted papers will undergo a peer review process, coordinated by the Program Committee. Submission of a paper implies that, should the paper be accepted, at least one of the authors must register and attend the conference to present the work.&nbsp;<\/p>\n\n\n\n<h2><strong>Important Dates<\/strong><\/h2>\n\n\n\n<ul><li>April 15, 2023: \u202fFull Papers, Due\u00a0<\/li><li>May 7, 2023: \u202fNotification of Acceptance\/Rejection\u00a0<\/li><li>May 21, 2023:\u00a0Final, Camera Ready Papers, Due\u00a0<\/li><\/ul>\n\n\n\n<p><\/p>\n","protected":false},"excerpt":{"rendered":"<p>Special session organizers&nbsp; Branko Mikac,&nbsp;University of Zagreb,&nbsp;Faculty of Electrical Engineering and Computing, Zagreb, Croatia Slavi\u0161a&nbsp;Aleksi\u0107,&nbsp;Hochschule&nbsp;f\u00fcr&nbsp;Technik,&nbsp;Wirtschaft&nbsp;und Kultur (HTWK),&nbsp;Fakult\u00e4t&nbsp;Digitale&nbsp;Transformation,&nbsp;Leipzig, Germany&nbsp;slavisa.aleksic@htwk-leipzig.de&nbsp;www.htwk-leipzig.de Objectives&nbsp; The objective of the session is to bring people together who can share experience in different aspects of university education in telecommunications: in creating, implementing and carrying out curricula; organizing academia-industry collaboration in advanced telecommunication products; [&hellip;]<\/p>\n","protected":false},"author":2,"featured_media":0,"parent":0,"menu_order":0,"comment_status":"closed","ping_status":"closed","template":"","meta":[],"_links":{"self":[{"href":"https:\/\/www.contel.hr\/2023\/wp-json\/wp\/v2\/pages\/292"}],"collection":[{"href":"https:\/\/www.contel.hr\/2023\/wp-json\/wp\/v2\/pages"}],"about":[{"href":"https:\/\/www.contel.hr\/2023\/wp-json\/wp\/v2\/types\/page"}],"author":[{"embeddable":true,"href":"https:\/\/www.contel.hr\/2023\/wp-json\/wp\/v2\/users\/2"}],"replies":[{"embeddable":true,"href":"https:\/\/www.contel.hr\/2023\/wp-json\/wp\/v2\/comments?post=292"}],"version-history":[{"count":9,"href":"https:\/\/www.contel.hr\/2023\/wp-json\/wp\/v2\/pages\/292\/revisions"}],"predecessor-version":[{"id":1068,"href":"https:\/\/www.contel.hr\/2023\/wp-json\/wp\/v2\/pages\/292\/revisions\/1068"}],"wp:attachment":[{"href":"https:\/\/www.contel.hr\/2023\/wp-json\/wp\/v2\/media?parent=292"}],"curies":[{"name":"wp","href":"https:\/\/api.w.org\/{rel}","templated":true}]}}