{"id":680,"date":"2023-07-10T08:38:33","date_gmt":"2023-07-10T08:38:33","guid":{"rendered":"https:\/\/www.contel.hr\/2023\/?page_id=680"},"modified":"2023-07-12T08:27:04","modified_gmt":"2023-07-12T08:27:04","slug":"program","status":"publish","type":"page","link":"https:\/\/www.contel.hr\/2023\/program\/","title":{"rendered":"Program"},"content":{"rendered":"\n<p>Please find below the final ConTEL 2023 program-at-a glance, along with a detailed program across all sessions. <\/p>\n\n\n\n<p>The Registration desk will be open half an hour before the start of the daily program of the conference. <\/p>\n\n\n\n<p>Authors can also view the program and access the participants&#8217; proceedings in <a rel=\"noreferrer noopener\" href=\"https:\/\/edas.info\/showProgram.php?c=30277\" target=\"_blank\">EDAS<\/a>.<\/p>\n\n\n\n<p>The conference program takes place in the Main lecture room (HS-i2), and the CEEPUS workshop and the PhD Forum will take place in the Seminar room (HF01092).<\/p>\n\n\n\n<p><strong>Program at-a-glance<\/strong><\/p>\n\n\n\n<figure class=\"wp-block-image size-large\"><img loading=\"lazy\" width=\"678\" height=\"902\" src=\"https:\/\/www.contel.hr\/2023\/wp-content\/uploads\/2023\/07\/image.png\" alt=\"\" class=\"wp-image-1264\"\/><\/figure>\n\n\n\n<p>You can download the program-at-a-glance as <a rel=\"noreferrer noopener\" href=\"https:\/\/www.contel.hr\/2023\/wp-content\/uploads\/2023\/07\/contel2023-schedule-updated.pdf\" target=\"_blank\">PDF here<\/a> (updated: July 7, 2023).<\/p>\n\n\n\n<h2 id=\"sessions\"><strong>Schedule of presentations<\/strong><\/h2>\n\n\n\n<style type=\"text\/css\">.tb { border-collapse: collapse; }\n  .tb th, .tb td { padding:5px; border: solid 1px #444; }\n  .tb th { background-color: lightblue; }\n<\/style>\n<table class=\"tb\" style=\"width:100%;\">\n\t<tbody>\n\t\t<tr>\n\t\t\t<th>Time<\/th>\n\t\t\t<th colspan=\"2\">Tuesday, July 11<\/th>\n\t\t\t<th colspan=\"2\">Wednesday, July 12<\/th>\n\t\t\t<th colspan=\"2\">Thursday, July 13<\/th>\n\t\t<\/tr>\n\t\t<tr>\n\t\t\t<td>8:30 &#8211; 9:00<\/td>\n\t\t\t<td colspan=\"2\">Registration<br>\n\t\t\t8:30-9:00<\/td>\n\t\t\t<td colspan=\"2\">Registration<br>\n\t\t\t8:30-9:00<\/td>\n\t\t\t<td colspan=\"2\">Registration<br>\n\t\t\t8:30-9:00<\/td>\n\t\t<\/tr>\n\t\t<tr>\n\t\t\t<td>9:00 \u2011 9:30<\/td>\n\t\t\t<td colspan=\"2\" rowspan=\"3\"><p>Opening session and <a href=\"https:\/\/www.contel.hr\/2023\/keynotes\/mariusz-glabowski\/\">Keynote talk by Mariusz Glabowsky<\/a><br>\n\t\t\t9:00-10:30<\/p>\n\t\t\t<\/td>\n\t\t\t<td rowspan=\"4\"><a href=\"#S1569618086\">Networks and Protocols<\/a><br>\n\t\t\t9:00-10:40<\/td>\n\t\t\t<td rowspan=\"4\"><a href=\"#\">CEEPUS Workshop 3<\/a><br>\n\t\t\t9:00-10:40<\/td>\n\t\t\t<td rowspan=\"2\"><a href=\"#S1569618092\">General track 1<\/a><br>\n\t\t\t9:00-10:20<\/td>\n\t\t\t<td rowspan=\"2\"><a href=\"#phdforum\">PhD Forum (presentations) <\/a><br>\n\t\t\t9:00-10:20<br type=\"_moz\">\n\t\t\t&nbsp;<\/td>\n\t\t<\/tr>\n\t\t<tr>\n\t\t\t<td>9:30 \u2011 10:20<\/td>\n\t\t<\/tr>\n\t\t<tr>\n\t\t\t<td>10:20 \u2011 10:30<\/td>\n\t\t\t<td colspan=\"2\" rowspan=\"3\">Coffee break<br>\n\t\t\t10:20-10:50<\/td>\n\t\t<\/tr>\n\t\t<tr>\n\t\t\t<td>10:30 \u2011 10:40<\/td>\n\t\t\t<td colspan=\"2\" rowspan=\"3\">Coffee break<br>\n\t\t\t10:30-11:00<\/td>\n\t\t<\/tr>\n\t\t<tr>\n\t\t\t<td>10:40 \u2011 10:50<\/td>\n\t\t\t<td colspan=\"2\" rowspan=\"3\">Coffee break<br>\n\t\t\t10:40-11:10<\/td>\n\t\t<\/tr>\n\t\t<tr>\n\t\t\t<td>10:50 \u2011 11:00<\/td>\n\t\t\t<td rowspan=\"3\"><a href=\"#S1569618093\">General track 2<\/a><br>\n\t\t\t10:50-12:10<\/td>\n\t\t\t<td rowspan=\"3\"><a href=\"#phdforum\">PhD Forum (poster session)<\/a><br>\n\t\t\t10:50-12:10<\/td>\n\t\t<\/tr>\n\t\t<tr>\n\t\t\t<td>11:00 \u2011 11:10<\/td>\n\t\t\t<td rowspan=\"4\"><a href=\"#S1569618080\">Optical Communications <\/a><br>\n\t\t\t11:00-12:40<br type=\"_moz\">\n\t\t\t&nbsp;<\/td>\n\t\t\t<td rowspan=\"4\"><a href=\"#\">CEEPUS Workshop 1<\/a><\/td>\n\t\t<\/tr>\n\t\t<tr>\n\t\t\t<td>11:10 \u2011 12:10<\/td>\n\t\t\t<td colspan=\"2\"><a href=\"https:\/\/www.contel.hr\/2023\/michael-bergmann\/\">Keynote talk by Michael Bergman<\/a><br>\n\t\t\t11:10-12:10<\/td>\n\t\t<\/tr>\n\t\t<tr>\n\t\t\t<td>12:10 \u2011 12:30<\/td>\n\t\t\t<td colspan=\"2\" rowspan=\"3\">Lunch break<br>\n\t\t\t12:10-13:10<\/td>\n\t\t\t<td colspan=\"2\">Closing Session<br>\n\t\t\t12:10-12:40<\/td>\n\t\t<\/tr>\n\t\t<tr>\n\t\t\t<td>12:30 \u2011 12:40<\/td>\n\t\t\t<td colspan=\"2\">&nbsp;<\/td>\n\t\t<\/tr>\n\t\t<tr>\n\t\t\t<td>12:40 \u2011 13:10<\/td>\n\t\t\t<td colspan=\"2\" rowspan=\"2\">Lunch break<br>\n\t\t\t12:40-13:40<br type=\"_moz\">\n\t\t\t&nbsp;<\/td>\n\t\t\t<td colspan=\"2\" rowspan=\"9\"><p>Excursion to Zotter and Buschenschank 13:00-20:00 (bus leaves at 13:00)<\/p>\n\t\t\t<p>&#8212; please sign up at the Registration desk as soon as possible &#8212;<\/p>\n\t\t\t<p>Awards ceremony<\/p>\n\t\t\t<\/td>\n\t\t<\/tr>\n\t\t<tr>\n\t\t\t<td>13:10 \u2011 13:40<\/td>\n\t\t\t<td colspan=\"2\"><a href=\"https:\/\/www.contel.hr\/2023\/galia-marinova\/\">Invited talk by Galia Marinova<\/a><br>\n\t\t\t13:10-13:40<\/td>\n\t\t<\/tr>\n\t\t<tr>\n\t\t\t<td>13:40 \u2011 14:10<\/td>\n\t\t\t<td colspan=\"2\"><a href=\"https:\/\/www.contel.hr\/2023\/slavisa-aleksic\/\">Invited talk by Slavisa Aleksic<\/a><br>\n\t\t\t13:40-14:10<\/td>\n\t\t\t<td colspan=\"2\" rowspan=\"3\"><a href=\"#S1569618089\">New Educational Paradigms in Telecomunications<\/a><br>\n\t\t\t13:40-15:20<\/td>\n\t\t<\/tr>\n\t\t<tr>\n\t\t\t<td>14:10 \u2011 14:40<\/td>\n\t\t\t<td colspan=\"2\">Coffee break<br>\n\t\t\t14:10-14:40<\/td>\n\t\t<\/tr>\n\t\t<tr>\n\t\t\t<td>14:40 \u2011 15:20<\/td>\n\t\t\t<td rowspan=\"3\"><p><a href=\"#S1569618082\">Information &amp; Communication Technologies 1<\/a><\/p>\n\n\t\t\t<p>14:40-16:00<\/p>\n<p>(Coffee break between Part 1 and Part 2)<\/p> \n\n\t\t\t<\/td>\n\t\t\t<td rowspan=\"5\"><a href=\"#\">CEEPUS Workshop 2<\/a><br>\n\t\t\t14:40-17:20<\/td>\n\t\t<\/tr>\n\t\t<tr>\n\t\t\t<td>15:20 \u2011 15:50<\/td>\n\t\t\t<td colspan=\"2\"><p>Coffee break<br>\n\t\t\t15:20-15:50<\/p>\n\t\t\t<\/td>\n\t\t<\/tr>\n\t\t<tr>\n\t\t\t<td>15:50 \u2011 16:00<\/td>\n\t\t\t<td rowspan=\"2\"><a href=\"#S1569618090\">RF Technologies<\/a><br>\n\t\t\t15:50-17:10<\/td>\n\t\t\t<td rowspan=\"2\"><a href=\"#\">CEEPUS Workshop 4<\/a><br>\n\t\t\t15:50-17:10<\/td>\n\t\t<\/tr>\n\t\t<tr>\n\t\t\t<td>16:00 \u2011 17:10<\/td>\n\t\t\t<td rowspan=\"2\"><a href=\"#S1569618083\">Information &amp; Communication Technologies 2<\/a><br>\n\t\t\t16:00-17:20<\/td>\n\t\t<\/tr>\n\t\t<tr>\n\t\t\t<td>17:10 \u2011 17:20<\/td>\n\t\t\t<td>&nbsp;<\/td>\n\t\t\t<td>&nbsp;<\/td>\n\t\t<\/tr>\n\t<\/tbody>\n<\/table>\n\n\n\n<p>All accepted papers in respective sessions are listed below.<\/p>\n\n\n\n<p>For more information on Keynote and Invited talks and speakers, please use the menu on the webpage.<\/p>\n\n\n\n<p>List of accepted papers is also available as PDF <a rel=\"noreferrer noopener\" href=\"https:\/\/www.contel.hr\/2023\/wp-content\/uploads\/2023\/06\/Contel2023-sessions_v_26_6_2023.pdf\" target=\"_blank\">here<\/a>.<\/p>\n\n\n\n<h4>Tuesday, July 11<\/h4>\n\n\n\n<h4>Opening session<\/h4>\n\n\n\n<p><strong>Opening address <\/strong><br>Prof. Erich Leitgeb, Honorary Chair<\/p>\n\n\n\n<p><strong>Welcome address<\/strong> <br>Prof. Harald Kainz, Rector of Graz University of Technology<\/p>\n\n\n\n<p><strong>Introduction to the conference program<\/strong> <br>Prof. Wilfried Gappmair, General Chair<\/p>\n\n\n\n<h4><a rel=\"noreferrer noopener\" href=\"https:\/\/www.contel.hr\/2023\/keynotes\/mariusz-glabowski\/\" target=\"_blank\">Keynote talk by Mariusz Glabowsky<\/a><\/h4>\n\n\n\n<h4 id=\"S1569618080\">Optical Communications<\/h4>\n\n\n\n<div>\n<dl>\n<dt><em>Experimental Evaluation of LED-based Wearable Transmitter for Optical Camera Communications Systems<\/em><\/dt>\n<dd>\n<div>Eleni Niarchou (Universidad de Las Palmas de Gran Canaria, Spain); Vicente Matus (IDeTIC-ULPGC, Spain); Rafael Perez-Jimenez (Universidad de Las Palmas de Gran Canaria, Spain); Jose Rabadan (IDeTIC-ULPGC, Spain); Victor Guerra (Pi-lighting, Italy)<\/div>\n<\/dd>\n<dt><em>A Scalable Infrastructure for Continuous State of Polarisation Monitoring for Revealing Security and Vulnerability Impacts in Optical Networks<\/em><\/dt>\n<dd>\n<div>Thomas Dreibholz (Simula Metropolitan Centre for Digital Engineering, Norway); Steinar Bj\u00f8rnstad (Norwegian University of Science and Technology, Norway); Jameel Ali (Simula Metropolitan Centre for Digital Engineering, Norway)<\/div>\n<\/dd>\n<dt><em>Visible Light Technologies for the Industrial Internet of Things<\/em><\/dt>\n<dd>\n<div>Ziad Salem (Joanneum Research, Austria); Christian Krutzler (Joanneum Research Forschungsgesellschaft mbH, Austria); Christian Fragner and Andreas P. Weiss (Joanneum Research, Austria)<\/div>\n<\/dd>\n<dt><em>Visual Light Sensing for IoT Sensor Networks: A Use Case for Monitoring Rotating Shaft Conditions in Industrial Applications<\/em><\/dt>\n<dd>\n<div>Christian Fragner (Joanneum Research, Austria); Christian Krutzler (Joanneum Research Forschungsgesellschaft mbH, Austria); Andreas P. Weiss (Joanneum Research, Austria); Erich Leitgeb (Graz University of Technology, Austria)<\/div>\n<\/dd>\n<dt><em>Smartphone Beam Profile in a Screen-to-Camera-based Optical Communication System<\/em><\/dt>\n<dd>\n<div>Vaigai Nayaki Yokar, Hoa Le Minh, Zabih Ghassemlooy and Othman Isam Younus (Northumbria University, United Kingdom (Great Britain)); Luis Nero Alves (DETI, Universidade of Aveiro, Instituto de Telecomunica\u00e7\u00f5es &amp; Instituto de Telecomunica\u00e7\u00f5es, Portugal); Wai Lok Woo (Northumbria University &amp; Newcastle University, United Kingdom (Great Britain)); Turky Almutairi (Northumbria University, United Kingdom (Great Britain))<\/div>\n<\/dd>\n<\/dl>\n<\/div>\n\n\n\n<h4><a href=\"https:\/\/www.contel.hr\/2023\/slavisa-aleksic\/\" target=\"_blank\" rel=\"noreferrer noopener\">Invited talk by Slavisa Aleksic<\/a><\/h4>\n\n\n\n<h4 id=\"S1569618082\">Information &amp; Communication Technologies 1<\/h4>\n\n\n\n<div>\n<dl>\n<dt><em>Using Web Server Logs to Identify and Comprehend Anomalous User Activity<\/em><\/dt>\n<dd>\n<div>Lenka Benova (Slovak University of Technology, Slovakia); Ladislav Hudec (Faculty of Informatics and Information Technology, Slovak Technical University, Slovakia)<\/div>\n<\/dd>\n<dt><em>Energy Optimization of a Base Station using Q-learning Algorithm<\/em><\/dt>\n<dd>\n<div>Anisha Aggarwal and Dharmaraja Selvamuthu (IIT Delhi, India)<\/div>\n<\/dd>\n<dt><em>Tackling Trust and Scalability of the Blockchain-based Shared Manufacturing concept<\/em><\/dt>\n<dd>\n<div>Jay Boji\u010d Burgos (University of Ljubljana, Slovenia); Matev\u017e Pusti\u0161ek (University of Ljubljana &amp; Faculty of Electrical Engineering, Slovenia)<\/div>\n<\/dd>\n<dt><em>Squeezing the Most Out of Congestion Window for Self-Clocked Rate Adaptation Algorithm in a 5G Environment<\/em><\/dt>\n<dd>\n<div>Haider Dhia Zubaydi (Budapest University of Technology and Economics, Hungary); Ahmed Samir Jagmagji (Budapest University of Technology and Economics, Hungary &amp; College of Engineering, Iraq); S\u00e1ndor Moln\u00e1r (Budapest University of Technology and Economics, Hungary)<\/div>\n<\/dd>\n<\/dl>\n<\/div>\n\n\n\n<h4>Information &amp; Communication Technologies 2<\/h4>\n\n\n\n<div>\n<dl>\n<dt><em>Secure Data Aggregation in Cultural Heritage Monitoring: NMEC Case Study<\/em><\/dt>\n<dd>\n<div>Raghda Samir, Salsabeel Adel and Irene Fahim (Nile University, Egypt); Tawfik Ismail (Cairo University &amp; Nile University, Egypt)<\/div>\n<\/dd>\n<dt><em>Multi-Agent Reinforcement Learning Based Cooperative Spectrum Sensing approach in C-V2X<\/em><\/dt>\n<dd>\n<div>L P. F, Jr. (University of Tongji &amp; School of Electronics and Information Engineering, China); Xin-Lin Huang (Tongji University, China)<\/div>\n<\/dd>\n<dt><em>Navigating the Cyber Frontier: Youth Capabilities to Confront Dis\/Misinformation with Digital Literacy and Digital Security<\/em><\/dt>\n<dd>\n<div>Amia Luthfia and Fitrie Handayani (Bina Nusantara University, Indonesia); Frederik Gasa (BINUS University, Jakarta, Indonesia); Sari Ramadanty (Bina Nusantara University, Indonesia); Abdul Rauf Ridzuan (Universiti Teknologi MARA, Malaysia)<\/div>\n<\/dd>\n<dt><em>Detecting Anomalies in Firewall Logs using Artificially Generated Attacks<\/em><\/dt>\n<dd>\n<div>Adrian Komadina (University of Zagreb, Croatia); Ivan Kova\u010devi\u0107 (University of Zagreb &amp; Innovation Centre Nikola Tesla, Croatia); Bruno \u0160tengl and Stjepan Gros (University of Zagreb, Croatia)<\/div>\n<\/dd>\n<\/dl>\n<\/div>\n\n\n\n<h4>Wednesday, July 12<\/h4>\n\n\n\n<h4 id=\"S1569618086\">Networks and Protocols<\/h4>\n\n\n\n<div>\n<dl>\n<dt><em>Integrated Trust-Clustering and Dijkstra Routing Algorithms for Energy-Efficient WSNs<\/em><\/dt>\n<dd>\n<div>Salsabeel Adel, Raghda Samir and Irene Fahim (Nile University, Egypt); Tawfik Ismail (Cairo University &amp; Nile University, Egypt)<\/div>\n<\/dd>\n<dt><em>Evaluating Secure Variants of the MQTT protocol on Resource-Constraint Devices for Precision Agriculture<\/em><\/dt>\n<dd>\n<div>Mislav Has, Mario Kusek and Ivana Podnar Zarko (University of Zagreb, Croatia)<\/div>\n<\/dd>\n<dt><em>Analytical Modeling of the Influence of Connection Handoff on Blocking Probabilities in 5G Mobile Networks<\/em><\/dt>\n<dd>\n<div>Maciej Sobieraj and Mariusz Glabowski (Poznan University of Technology, Poland)<\/div>\n<\/dd>\n<dt><em>Investigating the effect of Region of Interest coding on the QoE of FPV drone piloting under adverse network conditions<\/em><\/dt>\n<dd>\n<div>Lovro Boban (University of Zagreb, Croatia); Lorenzo Catania and Dario Allegra (University of Catania, Italy); Mirko Suznjevic (University of Zagreb, Faculty of Electrical Engineering and Computing, Croatia)<\/div>\n<\/dd>\n<dt><em>Evaluation of Inter-dataset Generalisability of Autoencoders for Network Intrusion Detection<\/em><\/dt>\n<dd>\n<div>Ivan Si\u010di\u0107 (University of Zagreb, Faculty of Electrical Engineering and Computing, Croatia); Nikola Petrovi\u0107 (University of Zagreb, Croatia); Karlo Slovenec and Miljenko Mikuc (University of Zagreb, Faculty of Electrical Engineering and Computing, Croatia)<\/div>\n<\/dd>\n<\/dl>\n<\/div>\n\n\n\n<h4><a rel=\"noreferrer noopener\" href=\"https:\/\/www.contel.hr\/2023\/michael-bergmann\/\" target=\"_blank\">Keynote talk by Michael Bergman<\/a><\/h4>\n\n\n\n<h4><a href=\"https:\/\/www.contel.hr\/2023\/galia-marinova\/\" data-type=\"page\" data-id=\"1211\">Invited talk by Galia Marinova<\/a><\/h4>\n\n\n\n<h4 id=\"S1569618089\">New Educational Paradigms in Telecommunications<\/h4>\n\n\n\n<div>\n<dl>\n<dt><em>A Practical Teaching Tool for Optical Camera Communications<\/em><\/dt>\n<dd>\n<div>Vicente Matus (IDeTIC-ULPGC, Spain); Shivani Rajendra Teli (Czech Technical University, Czech Republic); Carmen Lidia Aguiar and Jose Rabadan (IDeTIC-ULPGC, Spain); Stanislav Zvanovec (Czech Technical University in Prague, Czech Republic); Rafael Perez-Jimenez (Universidad de Las Palmas de Gran Canaria, Spain)<\/div>\n<\/dd>\n<dt><em>A Unified Course Module on 5G and Fixed 5G Networks<\/em><\/dt>\n<dd>\n<div>Dimitrios Uzunidis (University of West Attica, Greece); Gerasimos Pagiatakis (School of Pedagogical and Technological Education, Greece); Ioannis Moscholios (University of Peloponnese, Greece); Michael D. Logothetis (University of Patras, Greece)<\/div>\n<\/dd>\n<dt><em>Inclusion of Green-themed Serious Games based on Emerging Technologies into Non-green-themed Higher Education Courses<\/em><\/dt>\n<dd>\n<div>Iva Zeki\u0107 (University of Zagreb, Croatia); Jurica Babic (University of Zagreb &amp; Faculty of Electrical Engineering and Computing, Croatia); Ivana Gace (University of Zagreb, Faculty of Electrical Engineering and Computing, Croatia)<\/div>\n<\/dd>\n<dt><em>MCDA Approaches for Automatic Tool Selection in a Cloud-based Online-CADCOM Platform<\/em><\/dt>\n<dd>\n<div>Vassil Guliashki (Institute of Information Technologies &#8211; BAS, Bulgaria); Galia Marinova (Technical University of Sofia, Bulgaria); Ognyan Chikov (Technical University-Sofia, Bulgaria)<\/div>\n<\/dd>\n<dt><em>IoT Approach for Improving the Energy Efficiency in the Durres Port Authority Buildings<\/em><\/dt>\n<dd>\n<div>Vassil Guliashki (Institute of Information Technologies &#8211; BAS, Bulgaria); Galia Marinova (Technical University of Sofia, Bulgaria); Manjola Zeneli (Academic &amp; Assistant Lecturer, Albania)<\/div>\n<\/dd>\n<\/dl>\n<\/div>\n\n\n\n<h4 id=\"S1569618090\">RF Technologies<\/h4>\n\n\n\n<div>\n<dl>\n<dt><em>In-Flight Logic Analysis on OPS-SAT<\/em><\/dt>\n<dd>\n<div>Maximilian Henkel and Andreas H\u00f6rmer (Graz University of Technology, Austria); David Evans (ESA\/ESOC, Germany); Manuela Wenger (Graz University of Technology, Austria)<\/div>\n<\/dd>\n<dt><em>Unconstrained Quantum Genetic Algorithm for Massive MIMO System<\/em><\/dt>\n<dd>\n<div>Abdulbasit M. A. Sabaawi and Mohammed Almasaoodi (Budapest University of Technology and Economics (BME), Hungary); Sara El gaily (Budapest University of Technology and Economics, Hungary); S\u00e1ndor Imre (Technical University of Budapest, Hungary)<\/div>\n<\/dd>\n<dt><em>Approach to QoS Prediction Leveraging Impact of Beaulieu-Xie Fading and \u03ba-\u00b5 Co-Channel Interference on SC Diversity Receiver Outage Probability<\/em><\/dt>\n<dd>\n<div>Dragana Krsti\u0107 (University of Ni\u0161, Serbia); Suad Suljovic (Academy of Technical Professional Studies Belgrad\u0435, Serbia); Dejan N Milic (University of Ni\u0161 &amp; Faculty of Electronic Engineering, Serbia); Nenad Petrovic (University of Nis, Faculty of Electronic Engineering, Serbia)<\/div>\n<\/dd>\n<dt><em>Leveraging Wake-Up Radios in UAV-Aided LoRa Networks: Some Preliminary Results on a Random-Access Scheme<\/em><\/dt>\n<dd>\n<div>Shashank Panga (IIT Bhubaneswar, India); Siddhartha S. Borkotoky (Indian Institute of Technology Bhubaneswar, India)<\/div>\n<\/dd>\n<\/dl>\n<\/div>\n\n\n\n<h4>Thursday, July 13<\/h4>\n\n\n\n<h4 id=\"S1569618092\">General track 1<\/h4>\n\n\n\n<div>\n<dl>\n<dt><em>Remote monitoring system based on cross-hole GPR and deep learning<\/em><\/dt>\n<dd>\n<div>Pongrac Blaz and Du\u0161an Gleich (University of Maribor, Slovenia)<\/div>\n<\/dd>\n<dt><em>Determining Resource Utilization in Cloud Systems: An Analytical Algorithm for IaaS Architecture<\/em><\/dt>\n<dd>\n<div>Michal Weissenberg, Slawomir Hanczewski and Maciej Stasiak (Poznan University of Technology, Poland)<\/div>\n<\/dd>\n<dt><em>Smart Home Notifications in Croatian Language: A Transformer-Based Approach<\/em><\/dt>\n<dd>\n<div>Renato Soic (University of Zagreb Faculty of Electrical Engineering and Computing, Croatia); Magdalena Simunec (University of Zagreb, Croatia)<\/div>\n<\/dd>\n<dt><em>Assessment of Varied User Representations and XR Environments in Consumer-Grade XR Telemeetings<\/em><\/dt>\n<dd>\n<div>Mirta Moslavac, Lea Brzica, Lucija Drozd, Neda Kusurin, Sara Vlahovic and Lea Skorin-Kapov (University of Zagreb, Faculty of Electrical Engineering and Computing, Croatia)<\/div>\n<\/dd>\n<\/dl>\n<\/div>\n\n\n\n<h4 id=\"phdforum\">PhD Forum (presentations)<\/h4>\n\n\n\n<div>\n<dl>\n<dt><em>Semi-Supervised Approach of Predicting Aqueous Solubility using Few-Shot Learning<\/em><\/dt>\n<dd>\n<div>Domagoj Begu\u0161i\u0107 (University of Zagreb, Croatia); Damir Pintar (University of Zagreb, Faculty of Electrical Engineering and Computing, Croatia)<\/div>\n<\/dd>\n<dt><em>System for Generating and Detecting Quasi-Continuous THz Waves Based on Photoconductive Antennas and a single laser diode<\/em><\/dt>\n<dd>\n<div>Pongrac Blaz and Andrej Sarjas (University of Maribor, Slovenia)<\/div>\n<\/dd>\n<dt><em>Scalability, Trust and Functionality: The Key Factors of Blockchain in Shared Manufacturing<\/em><\/dt>\n<dd>\n<div>Jay Boji\u010d Burgos (University of Ljubljana, Slovenia); Matev\u017e Pusti\u0161ek (University of Ljubljana &amp; Faculty of Electrical Engineering, Slovenia)<\/div>\n<\/dd>\n<dt><em>Liquid Crystal based Reconfigurable Antennas for Indoor-Localization Applications<\/em><\/dt>\n<dd>\n<div>Gerzon Gomez-Bravo and Reinhard Teschl (Graz University of Technology, Austria); Wolfgang Bosch (Graz University of Technology &amp; Institute of Microwave and Photonic Engineering, Austria)<\/div>\n<\/dd>\n<dt><em>Advancing Automotive Monitoring Systems and Wireless Connectivity in Harsh Environments<\/em><\/dt>\n<dd>\n<div>Daniel Kraus (Pro2Future GmbH &amp; Graz University of Technology, Austria); Erich Leitgeb (Graz University of Technology, Austria)<\/div>\n<\/dd>\n<dt><em>A Ka-band 8W GaN MMIC DPA with On-Chip Phase Tuning Featuring a Novel Doherty Combiner<\/em><\/dt>\n<dd>\n<div>Jose Romero Lopera, Michael Gadringer and Erich Leitgeb (Graz University of Technology, Austria)<\/div>\n<\/dd>\n<dt><em>Modulation Techniques for Visible Light Communication Communicating Wristband Application<\/em><\/dt>\n<dd>\n<div>Saman Zahiri-Rad (Institute of Microwave and Photonic Engineering, Technical University Graz); Erich Leitgeb (Graz University of Technology, Austria)<\/div>\n<\/dd>\n<\/dl>\n<\/div>\n\n\n\n<h4 id=\"S1569618093\">General track 2<\/h4>\n\n\n\n<div>\n<dl>\n<dt><em>10G flow aggregation using commodity hardware<\/em><\/dt>\n<dd>\n<div>Karlo Slovenec (University of Zagreb, Faculty of Electrical Engineering and Computing, Croatia); Lovre Gusar (University of Zagreb, Croatia); Ivan Si\u010di\u0107 and Miljenko Mikuc (University of Zagreb, Faculty of Electrical Engineering and Computing, Croatia)<\/div>\n<\/dd>\n<dt><em>A Non-Interfering Radio Communication System for the SKA Astronomy Project<\/em><\/dt>\n<dd>\n<div>Riaan Wolhuter (University of Stellenbosch, South Africa); Jason Fynn (SA Radio Astronomy Observatory, South Africa)<\/div>\n<\/dd>\n<dt><em>Distributed Location-Aware IoT Device Control Based on Indoor Positioning<\/em><\/dt>\n<dd>\n<div>Ivan \u010cili\u0107 (University of Zagreb Faculty of EE and Computing, Croatia); Dora Krekovi\u0107, Ivana Podnar Zarko and Mario Kusek (University of Zagreb, Croatia)<\/div>\n<\/dd>\n<dt><em>A novel dynamic service function chaining to enable Ultra-Reliable Low Latency Communication in NFV<\/em><\/dt>\n<dd>\n<div>Mohammad Mohammadi Erbati (Deutsche Telekom Technik GmbH, Germany); Gregor Schiele (University of Duisburg-Essen, Germany)<\/div>\n<\/dd>\n<\/dl>\n<\/div>\n\n\n\n<h4>PhD Forum (poster session)<\/h4>\n\n\n\n<p>(session continues, see the <a href=\"#phdforum\">list of presentations<\/a> above)<\/p>\n\n\n\n<h4>Closing Session<\/h4>\n\n\n\n<p>Awards ceremony combined with the social event on Thursday.<\/p>\n","protected":false},"excerpt":{"rendered":"<p>Please find below the final ConTEL 2023 program-at-a glance, along with a detailed program across all sessions. The Registration desk will be open half an hour before the start of the daily program of the conference. Authors can also view the program and access the participants&#8217; proceedings in EDAS. The conference program takes place in [&hellip;]<\/p>\n","protected":false},"author":2,"featured_media":0,"parent":0,"menu_order":0,"comment_status":"closed","ping_status":"closed","template":"","meta":[],"_links":{"self":[{"href":"https:\/\/www.contel.hr\/2023\/wp-json\/wp\/v2\/pages\/680"}],"collection":[{"href":"https:\/\/www.contel.hr\/2023\/wp-json\/wp\/v2\/pages"}],"about":[{"href":"https:\/\/www.contel.hr\/2023\/wp-json\/wp\/v2\/types\/page"}],"author":[{"embeddable":true,"href":"https:\/\/www.contel.hr\/2023\/wp-json\/wp\/v2\/users\/2"}],"replies":[{"embeddable":true,"href":"https:\/\/www.contel.hr\/2023\/wp-json\/wp\/v2\/comments?post=680"}],"version-history":[{"count":114,"href":"https:\/\/www.contel.hr\/2023\/wp-json\/wp\/v2\/pages\/680\/revisions"}],"predecessor-version":[{"id":1343,"href":"https:\/\/www.contel.hr\/2023\/wp-json\/wp\/v2\/pages\/680\/revisions\/1343"}],"wp:attachment":[{"href":"https:\/\/www.contel.hr\/2023\/wp-json\/wp\/v2\/media?parent=680"}],"curies":[{"name":"wp","href":"https:\/\/api.w.org\/{rel}","templated":true}]}}